{"id":8,"date":"2013-01-10T17:58:13","date_gmt":"2013-01-10T15:58:13","guid":{"rendered":"http:\/\/www.wpnrw.com\/waermepumpen-klimaanlagen\/?page_id=8"},"modified":"2013-02-13T19:06:32","modified_gmt":"2013-02-13T17:06:32","slug":"start","status":"publish","type":"page","link":"https:\/\/www.wpnrw.com\/waermepumpen-klimaanlagen\/","title":{"rendered":"Start"},"content":{"rendered":"<p><a title=\"\u00dcber uns\" href=\"http:\/\/www.wpnrw.com\/waermepumpen-klimaanlagen\/uber-uns\/\"><img decoding=\"async\" loading=\"lazy\" class=\"alignleft size-full wp-image-72\" alt=\"\" src=\"http:\/\/www.wpnrw.com\/waermepumpen-klimaanlagen\/wp-content\/uploads\/2013\/01\/haus13.jpg\" width=\"450\" height=\"396\" srcset=\"https:\/\/www.wpnrw.com\/waermepumpen-klimaanlagen\/wp-content\/uploads\/2013\/01\/haus13.jpg 450w, https:\/\/www.wpnrw.com\/waermepumpen-klimaanlagen\/wp-content\/uploads\/2013\/01\/haus13-300x264.jpg 300w\" sizes=\"(max-width: 450px) 100vw, 450px\" \/><\/a><strong><br \/>\n<\/strong><\/p>\n<h2><strong>Wilkommen bei Hahmann W\u00e4rmepumpenservice<\/strong><\/h2>\n<h2><strong>Ihr Kundendienstpartner f\u00fcr W\u00e4rmepumpen und Klimaanlagen.<\/strong><\/h2>\n<h2><strong>\u00a0<\/strong><\/h2>\n","protected":false},"excerpt":{"rendered":"<p>Wilkommen bei Hahmann W\u00e4rmepumpenservice Ihr Kundendienstpartner f\u00fcr W\u00e4rmepumpen und Klimaanlagen. \u00a0<\/p>\n","protected":false},"author":1,"featured_media":0,"parent":0,"menu_order":1,"comment_status":"closed","ping_status":"closed","template":"","meta":[],"_links":{"self":[{"href":"https:\/\/www.wpnrw.com\/waermepumpen-klimaanlagen\/wp-json\/wp\/v2\/pages\/8"}],"collection":[{"href":"https:\/\/www.wpnrw.com\/waermepumpen-klimaanlagen\/wp-json\/wp\/v2\/pages"}],"about":[{"href":"https:\/\/www.wpnrw.com\/waermepumpen-klimaanlagen\/wp-json\/wp\/v2\/types\/page"}],"author":[{"embeddable":true,"href":"https:\/\/www.wpnrw.com\/waermepumpen-klimaanlagen\/wp-json\/wp\/v2\/users\/1"}],"replies":[{"embeddable":true,"href":"https:\/\/www.wpnrw.com\/waermepumpen-klimaanlagen\/wp-json\/wp\/v2\/comments?post=8"}],"version-history":[{"count":11,"href":"https:\/\/www.wpnrw.com\/waermepumpen-klimaanlagen\/wp-json\/wp\/v2\/pages\/8\/revisions"}],"predecessor-version":[{"id":35,"href":"https:\/\/www.wpnrw.com\/waermepumpen-klimaanlagen\/wp-json\/wp\/v2\/pages\/8\/revisions\/35"}],"wp:attachment":[{"href":"https:\/\/www.wpnrw.com\/waermepumpen-klimaanlagen\/wp-json\/wp\/v2\/media?parent=8"}],"curies":[{"name":"wp","href":"https:\/\/api.w.org\/{rel}","templated":true}]}}