{"id":18,"date":"2013-01-10T18:00:28","date_gmt":"2013-01-10T16:00:28","guid":{"rendered":"http:\/\/www.wpnrw.com\/waermepumpen-klimaanlagen\/?page_id=18"},"modified":"2013-02-13T18:35:29","modified_gmt":"2013-02-13T16:35:29","slug":"uber-uns","status":"publish","type":"page","link":"https:\/\/www.wpnrw.com\/waermepumpen-klimaanlagen\/uber-uns\/","title":{"rendered":"\u00dcber uns"},"content":{"rendered":"<p><img decoding=\"async\" loading=\"lazy\" class=\"alignleft size-medium wp-image-51\" alt=\"\" src=\"http:\/\/www.wpnrw.com\/waermepumpen-klimaanlagen\/wp-content\/uploads\/2013\/01\/IMG_0863-1--300x188.jpg\" width=\"280\" height=\"175\" srcset=\"https:\/\/www.wpnrw.com\/waermepumpen-klimaanlagen\/wp-content\/uploads\/2013\/01\/IMG_0863-1--300x188.jpg 300w, https:\/\/www.wpnrw.com\/waermepumpen-klimaanlagen\/wp-content\/uploads\/2013\/01\/IMG_0863-1-.jpg 949w\" sizes=\"(max-width: 280px) 100vw, 280px\" \/>Wir sind ein Handwerksbetrieb mit einer \u00fcber 20 j\u00e4hrigen Erfahrung im Kundendienst f\u00fcr W\u00e4rmepumpen und Klimaanlagen.<\/p>\n<p>Zu unseren Aufgaben geh\u00f6rt ein umfassendes Service und Dienstleistungsangebot.<\/p>\n<p>Die Aufgabenschwerpunkte sind Inbetriebnahmen, Reparaturen und Wartungen.<\/p>\n<p>Wir sind zertifizierter Vertrags-Kundendienst mehrerer deutscher Hersteller.<\/p>\n<p>Unser Einsatzgebiet umfasst den Gro\u00dfraum Nordrhein Westfalen.<\/p>\n","protected":false},"excerpt":{"rendered":"<p>Wir sind ein Handwerksbetrieb mit einer \u00fcber 20 j\u00e4hrigen Erfahrung im Kundendienst f\u00fcr W\u00e4rmepumpen und Klimaanlagen. Zu unseren Aufgaben geh\u00f6rt ein umfassendes Service und Dienstleistungsangebot. Die Aufgabenschwerpunkte sind Inbetriebnahmen, Reparaturen und Wartungen. Wir sind zertifizierter Vertrags-Kundendienst mehrerer deutscher Hersteller. Unser Einsatzgebiet umfasst den Gro\u00dfraum Nordrhein Westfalen.<\/p>\n","protected":false},"author":1,"featured_media":0,"parent":0,"menu_order":4,"comment_status":"closed","ping_status":"closed","template":"","meta":[],"_links":{"self":[{"href":"https:\/\/www.wpnrw.com\/waermepumpen-klimaanlagen\/wp-json\/wp\/v2\/pages\/18"}],"collection":[{"href":"https:\/\/www.wpnrw.com\/waermepumpen-klimaanlagen\/wp-json\/wp\/v2\/pages"}],"about":[{"href":"https:\/\/www.wpnrw.com\/waermepumpen-klimaanlagen\/wp-json\/wp\/v2\/types\/page"}],"author":[{"embeddable":true,"href":"https:\/\/www.wpnrw.com\/waermepumpen-klimaanlagen\/wp-json\/wp\/v2\/users\/1"}],"replies":[{"embeddable":true,"href":"https:\/\/www.wpnrw.com\/waermepumpen-klimaanlagen\/wp-json\/wp\/v2\/comments?post=18"}],"version-history":[{"count":11,"href":"https:\/\/www.wpnrw.com\/waermepumpen-klimaanlagen\/wp-json\/wp\/v2\/pages\/18\/revisions"}],"predecessor-version":[{"id":57,"href":"https:\/\/www.wpnrw.com\/waermepumpen-klimaanlagen\/wp-json\/wp\/v2\/pages\/18\/revisions\/57"}],"wp:attachment":[{"href":"https:\/\/www.wpnrw.com\/waermepumpen-klimaanlagen\/wp-json\/wp\/v2\/media?parent=18"}],"curies":[{"name":"wp","href":"https:\/\/api.w.org\/{rel}","templated":true}]}}